{"id":1704,"date":"2024-05-24T11:41:58","date_gmt":"2024-05-24T11:41:58","guid":{"rendered":"https:\/\/anadoluosgb.com.tr\/?page_id=1704"},"modified":"2024-05-29T10:54:42","modified_gmt":"2024-05-29T10:54:42","slug":"egitim-hizmetleri","status":"publish","type":"page","link":"https:\/\/anadoluosgb.com.tr\/index.php\/egitim-hizmetleri\/","title":{"rendered":"E\u011fitim Hizmetleri"},"content":{"rendered":"\t\t<div data-elementor-type=\"wp-page\" data-elementor-id=\"1704\" class=\"elementor elementor-1704\">\n\t\t\t\t<div class=\"elementor-element elementor-element-1776e4f e-flex e-con-boxed e-con e-parent\" data-id=\"1776e4f\" data-element_type=\"container\">\n\t\t\t\t\t<div class=\"e-con-inner\">\n\t\t\t\t<div class=\"elementor-element elementor-element-231d2dd elementor-widget elementor-widget-heading\" data-id=\"231d2dd\" data-element_type=\"widget\" data-widget_type=\"heading.default\">\n\t\t\t\t<div class=\"elementor-widget-container\">\n\t\t\t<style>\/*! elementor - v3.21.0 - 22-05-2024 *\/\n.elementor-heading-title{padding:0;margin:0;line-height:1}.elementor-widget-heading .elementor-heading-title[class*=elementor-size-]>a{color:inherit;font-size:inherit;line-height:inherit}.elementor-widget-heading .elementor-heading-title.elementor-size-small{font-size:15px}.elementor-widget-heading .elementor-heading-title.elementor-size-medium{font-size:19px}.elementor-widget-heading .elementor-heading-title.elementor-size-large{font-size:29px}.elementor-widget-heading .elementor-heading-title.elementor-size-xl{font-size:39px}.elementor-widget-heading .elementor-heading-title.elementor-size-xxl{font-size:59px}<\/style><h2 class=\"elementor-heading-title elementor-size-default\">E\u011fitim Hizmetleri<\/h2>\t\t<\/div>\n\t\t\t\t<\/div>\n\t\t\t\t\t<\/div>\n\t\t\t\t<\/div>\n\t\t<div class=\"elementor-element elementor-element-a82c8f3 e-flex e-con-boxed e-con e-parent\" data-id=\"a82c8f3\" data-element_type=\"container\">\n\t\t\t\t\t<div class=\"e-con-inner\">\n\t\t<div class=\"elementor-element elementor-element-4542259 e-con-full e-flex e-con e-child\" data-id=\"4542259\" data-element_type=\"container\">\n\t\t\t\t<\/div>\n\t\t<div class=\"elementor-element elementor-element-889146c e-con-full e-flex e-con e-child\" data-id=\"889146c\" data-element_type=\"container\">\n\t\t\t\t<div class=\"elementor-element elementor-element-125d38b elementor-widget elementor-widget-text-editor\" data-id=\"125d38b\" data-element_type=\"widget\" data-widget_type=\"text-editor.default\">\n\t\t\t\t<div class=\"elementor-widget-container\">\n\t\t\t<style>\/*! elementor - v3.21.0 - 22-05-2024 *\/\n.elementor-widget-text-editor.elementor-drop-cap-view-stacked .elementor-drop-cap{background-color:#69727d;color:#fff}.elementor-widget-text-editor.elementor-drop-cap-view-framed .elementor-drop-cap{color:#69727d;border:3px solid;background-color:transparent}.elementor-widget-text-editor:not(.elementor-drop-cap-view-default) .elementor-drop-cap{margin-top:8px}.elementor-widget-text-editor:not(.elementor-drop-cap-view-default) .elementor-drop-cap-letter{width:1em;height:1em}.elementor-widget-text-editor .elementor-drop-cap{float:left;text-align:center;line-height:1;font-size:50px}.elementor-widget-text-editor .elementor-drop-cap-letter{display:inline-block}<\/style>\t\t\t\t<p>\u0130\u015f kazalar\u0131 ve Meslek Hastal\u0131klar\u0131n\u0131n iki ana sebebi vard\u0131r. Birincisi TEHL\u0130KEL\u0130 DURUMLAR \u0130kincisi TEHL\u0130KEL\u0130 DAVRANI\u015eLARDIR. Tehlikeli durumlar\u0131n ortadan kald\u0131r\u0131lmas\u0131 i\u015fverenin \u00f6ncelikli g\u00f6revidir. Ancak bunun d\u0131\u015f\u0131nda al\u0131\u015fanlar\u0131n emniyetsiz davran\u0131\u015flarda bulunmamalar\u0131 i\u00e7in \u00e7al\u0131\u015fanlar\u0131n e\u011fitimi ve denetimi de i\u015fverenin \u00f6nemli g\u00f6revlerindendir. Bu anlamda i\u015fverenleri bu sorumluluklar\u0131n\u0131 yerine getirmeleri a\u00e7\u0131s\u0131ndan \u0130SG ( \u0130\u015e SA\u011eLI\u011eI VE G\u00dcVENL\u0130\u011e\u0130 ) konular\u0131nda e\u011fitim deste\u011fi vermekteyiz.<\/p><ul><li>\u0130\u015f sa\u011fl\u0131\u011f\u0131 ve g\u00fcvenli\u011finin temel prensipleri<\/li><li>\u0130\u015fyerlerinde i\u015f sa\u011fl\u0131\u011f\u0131 ve g\u00fcvenli\u011fi organizasyonu<\/li><li>\u0130\u015f sa\u011fl\u0131\u011f\u0131 ve g\u00fcvenli\u011finde sorumluluklar ( devlet-i\u015fveren-\u00e7al\u0131\u015fan)<\/li><li>\u0130sg mevzuat\u0131<\/li><li>\u0130\u015f sa\u011fl\u0131\u011f\u0131 ve g\u00fcvenli\u011finde hukuki ve cezai sorumluluklar<\/li><li>\u0130\u015f hukuku a\u00e7\u0131s\u0131ndan i\u015fveren-alt i\u015fveren uygulamalar\u0131 ile yasal sorumluluklar<\/li><li>\u00c7al\u0131\u015fma ortam\u0131nda sa\u011fl\u0131k ve meslek hastal\u0131klar\u0131<\/li><li>\u00c7al\u0131\u015fma ortam\u0131nda termal konfor \u015fartlar\u0131<\/li><li>\u0130\u015fyeri bina ve eklentilerinde sa\u011fl\u0131k ve g\u00fcvenlik \u00f6nlemleri<\/li><li>\u0130\u015f ekipmanlar\u0131nda riskler ve \u00f6nlemleri<\/li><li>Kimyasallarla \u00e7al\u0131\u015fmalarda i\u015f sa\u011fl\u0131\u011f\u0131 ve g\u00fcvenli\u011fi<\/li><li>Yang\u0131n-end\u00fcstriyel tesislerde yang\u0131n riskleri ve \u00f6nlemler<\/li><li>Parlay\u0131c\u0131 ve patlay\u0131c\u0131 maddelerle yap\u0131lan \u00e7al\u0131\u015fmalarda riskler ve \u00f6nlemler<\/li><li>End\u00fcstriyel tesislerde elektrik, tehlikeleri ve \u00f6nlemleri<\/li><li>Kald\u0131rma ara\u00e7lar\u0131nda riskler ve \u00f6nlemler<\/li><li>Kaynak i\u015flerinde riskler ve \u00f6nlemler<\/li><li>Ta\u015f\u0131ma, istifleme ve depolama i\u015flerinde g\u00fcvenlik tedbirleri<\/li><li>Bas\u0131n\u00e7l\u0131 kaplar-\u00e7e\u015fitleri, riskleri, periyodik kontrol y\u00f6ntemleri<\/li><li>End\u00fcstriyel boya (tabanca-dald\u0131rma vb.) \u0130\u015flerinde riskler ve kontrol y\u00f6ntemleri<\/li><li>Ki\u015fisel koruyucu donan\u0131mlar (kkd)<\/li><li>G\u00fcvenlik ve sa\u011fl\u0131k i\u015faretleri<\/li><li>D\u00f6k\u00fcm i\u015flerinde riskler ve \u00f6nlemleri<\/li><li>Yap\u0131 i\u015flerinde isg riskleri-risk kontrol y\u00f6ntemi, organizasyon, yap\u0131lanma<\/li><li>\u0130\u015f ergonomisi<\/li><li>\u0130\u015f ve \u00e7evre etkile\u015fimi<\/li><li>Ekranl\u0131 ara\u00e7larla \u00e7al\u0131\u015fmalarda riskler ve \u00f6nlemleri<\/li><li>Tozlu i\u015flerde sa\u011fl\u0131k g\u00fcvenlik riskleri<\/li><li>\u0130\u015f kazas\u0131 ve ramak kald\u0131 olaylar\u0131n\u0131n incelenmesi<\/li><li>G\u00fcr\u00fclt\u00fc-titre\u015fim-bas\u0131n\u00e7 (fiziksel etmenler)<\/li><li>\u0130\u015f hayat\u0131nda beslenme<\/li><li>\u0130\u015f makineleri (lastik tekerlekli-paletli) ile \u00e7al\u0131\u015fmalarda riskler ve \u00f6nlemleri<\/li><li>\u0130\u015fyerinde isg y\u00f6n\u00fcnden yap\u0131lacak periyodik kontroller, belge ve formlar<\/li><li>Risk y\u00f6netimi ve de\u011ferlendirmesi<\/li><li>Y\u00f6netim sistemlerine giri\u015f-ohsas18001 isg y\u00f6netim sistemleri<\/li><li>\u0130sg\u2019de yeni yakla\u015f\u0131mlarda sa\u011fl\u0131k g\u00f6zetimi<\/li><li>\u0130sg mevzuat\u0131nda yeni yakla\u015f\u0131mlar ve i\u015fyeri isg politikalar\u0131<\/li><li>At\u0131k y\u00f6netimi ve \u00e7evre e\u011fitimleri<\/li><\/ul>\t\t\t\t\t\t<\/div>\n\t\t\t\t<\/div>\n\t\t\t\t<\/div>\n\t\t\t\t\t<\/div>\n\t\t\t\t<\/div>\n\t\t\t\t<\/div>\n\t\t","protected":false},"excerpt":{"rendered":"<p>E\u011fitim Hizmetleri \u0130\u015f kazalar\u0131 ve Meslek Hastal\u0131klar\u0131n\u0131n iki ana sebebi vard\u0131r. Birincisi TEHL\u0130KEL\u0130 DURUMLAR \u0130kincisi TEHL\u0130KEL\u0130 DAVRANI\u015eLARDIR. Tehlikeli durumlar\u0131n ortadan kald\u0131r\u0131lmas\u0131 i\u015fverenin \u00f6ncelikli g\u00f6revidir. Ancak bunun d\u0131\u015f\u0131nda al\u0131\u015fanlar\u0131n emniyetsiz davran\u0131\u015flarda bulunmamalar\u0131 i\u00e7in \u00e7al\u0131\u015fanlar\u0131n e\u011fitimi ve denetimi de i\u015fverenin \u00f6nemli g\u00f6revlerindendir. Bu anlamda i\u015fverenleri bu sorumluluklar\u0131n\u0131 yerine getirmeleri a\u00e7\u0131s\u0131ndan \u0130SG ( \u0130\u015e SA\u011eLI\u011eI VE G\u00dcVENL\u0130\u011e\u0130 ) [&hellip;]<\/p>\n","protected":false},"author":1,"featured_media":0,"parent":0,"menu_order":0,"comment_status":"closed","ping_status":"closed","template":"","meta":{"_joinchat":[],"footnotes":""},"class_list":["post-1704","page","type-page","status-publish","hentry"],"acf":[],"_links":{"self":[{"href":"https:\/\/anadoluosgb.com.tr\/index.php\/wp-json\/wp\/v2\/pages\/1704","targetHints":{"allow":["GET"]}}],"collection":[{"href":"https:\/\/anadoluosgb.com.tr\/index.php\/wp-json\/wp\/v2\/pages"}],"about":[{"href":"https:\/\/anadoluosgb.com.tr\/index.php\/wp-json\/wp\/v2\/types\/page"}],"author":[{"embeddable":true,"href":"https:\/\/anadoluosgb.com.tr\/index.php\/wp-json\/wp\/v2\/users\/1"}],"replies":[{"embeddable":true,"href":"https:\/\/anadoluosgb.com.tr\/index.php\/wp-json\/wp\/v2\/comments?post=1704"}],"version-history":[{"count":4,"href":"https:\/\/anadoluosgb.com.tr\/index.php\/wp-json\/wp\/v2\/pages\/1704\/revisions"}],"predecessor-version":[{"id":1912,"href":"https:\/\/anadoluosgb.com.tr\/index.php\/wp-json\/wp\/v2\/pages\/1704\/revisions\/1912"}],"wp:attachment":[{"href":"https:\/\/anadoluosgb.com.tr\/index.php\/wp-json\/wp\/v2\/media?parent=1704"}],"curies":[{"name":"wp","href":"https:\/\/api.w.org\/{rel}","templated":true}]}}