{"id":1061,"date":"2022-08-10T05:29:34","date_gmt":"2022-08-10T05:29:34","guid":{"rendered":"https:\/\/weblearnbd.net\/wp\/sectox\/?page_id=1061"},"modified":"2024-05-24T11:33:16","modified_gmt":"2024-05-24T11:33:16","slug":"anadolu-osgb-ekip","status":"publish","type":"page","link":"https:\/\/anadoluosgb.com.tr\/index.php\/anadolu-osgb-ekip\/","title":{"rendered":"Ekibimiz"},"content":{"rendered":"\t\t<div data-elementor-type=\"wp-page\" data-elementor-id=\"1061\" class=\"elementor elementor-1061\">\n\t\t\t\t\t\t<section class=\"elementor-section elementor-top-section elementor-element elementor-element-ec747bd elementor-section-boxed elementor-section-height-default elementor-section-height-default\" data-id=\"ec747bd\" data-element_type=\"section\">\n\t\t\t\t\t\t<div class=\"elementor-container elementor-column-gap-no\">\n\t\t\t\t\t<div class=\"elementor-column elementor-col-100 elementor-top-column elementor-element elementor-element-4af4c50\" data-id=\"4af4c50\" data-element_type=\"column\">\n\t\t\t<div class=\"elementor-widget-wrap elementor-element-populated\">\n\t\t\t\t\t\t<div class=\"elementor-element elementor-element-35d8b12 elementor-widget elementor-widget-tp-team\" data-id=\"35d8b12\" data-element_type=\"widget\" data-widget_type=\"tp-team.default\">\n\t\t\t\t<div class=\"elementor-widget-container\">\n\t\t\t\r\n<!-- style 2 -->\r\n\r\n<div class=\"tp-team-area tp-el-section\">\r\n    <div class=\"container\">\r\n        <div class=\"row\">\r\n            <div class=\"col-xl-12\">\r\n                <div class=\"tp-section-box tp-section-box-2 p-relative mb-45\">\r\n                                        <span class=\"tp-section-subtitle d-inline-block right mb-10 tp-el-subtitle\">\r\n                        Anadolu OSGB Uzman Kadrosu                    <\/span>\r\n                                        <h2 class=\"tp-section-title tp-el-title\">Ekibimiz<\/h2>                                        <p class=\"tp-el-description\">Deneyim ve uzmanl\u0131\u011f\u0131n birle\u015fti\u011fi noktada organizasyon yap\u0131lanmam\u0131z \u00c7al\u0131\u015fma ve Sosyal G\u00fcvenlik Bakanl\u0131\u011f\u0131\u2019ndan sertifikal\u0131 A, B, C S\u0131n\u0131f\u0131 \u0130\u015f G\u00fcvenli\u011fi Uzmanlar\u0131, \u0130\u015fyeri Hekimleri, Sa\u011fl\u0131k Personellerinden olu\u015fmaktad\u0131r. <\/p>\r\n                                    <\/div>\r\n            <\/div>\r\n        <\/div>\r\n        <div class=\"row\">\r\n            <div class=\"col-xl-12 col-lg-12\">\r\n                <div class=\"team-slider-active tp-team-space\">\r\n                                        <div class=\"tp-team-item\">\r\n                        <div class=\"tp-team-img p-relative\">\r\n                                                        <div class=\"fix\">\r\n                                <img decoding=\"async\" src=\"https:\/\/anadoluosgb.com.tr\/wp-content\/uploads\/2024\/05\/sadik-sahin-1.jpeg\"\r\n                                    alt=\"\">\r\n                            <\/div>\r\n                                                        <div class=\"tp-team-overlay\">\r\n                                <div class=\"team-overlay-icon\">\r\n                                                                        <a class=\"team-icon-main\" href=\"#\"><i class=\"fal fa-plus\"><\/i><\/a>\r\n                                    <div class=\"team-icon-bottom\">\r\n                                        \r\n                                        \r\n                                        \r\n                                                                                <a class=\"team-social-icon\" href=\"#\"><i\r\n                                                class=\"fab fa-facebook-f\"><\/i><\/a>\r\n                                        \r\n                                        \r\n                                                                                <a class=\"team-social-icon\" href=\"#\"><i\r\n                                                class=\"fab fa-instagram\"><\/i><\/a>\r\n                                        \r\n                                        \r\n                                        \r\n                                                                                <a class=\"team-social-icon\" href=\"#\"><i\r\n                                                class=\"fab fa-google-plus-g\"><\/i><\/a>\r\n                                        \r\n                                        \r\n                                        \r\n                                        \r\n                                        \r\n                                        \r\n                                                                            <\/div>\r\n                                                                    <\/div>\r\n                            <\/div>\r\n                        <\/div>\r\n                        <div class=\"tp-team-designation text-center pt-35\">\r\n                            <h3 class=\"client-name tp-el-name\"><a href=\"#\">Sad\u0131k \u015eahin<\/a><\/h3>                                                        <a class=\"client-position tp-el-desigation\" href=\"#\">Y\u00f6netim Kurulu Ba\u015fkan\u0131<\/a>\r\n                                                    <\/div>\r\n                    <\/div>\r\n                                        <div class=\"tp-team-item\">\r\n                        <div class=\"tp-team-img p-relative\">\r\n                                                        <div class=\"fix\">\r\n                                <img decoding=\"async\" src=\"https:\/\/anadoluosgb.com.tr\/wp-content\/uploads\/2024\/05\/hasan-murat-sahin.jpeg\"\r\n                                    alt=\"\">\r\n                            <\/div>\r\n                                                        <div class=\"tp-team-overlay\">\r\n                                <div class=\"team-overlay-icon\">\r\n                                                                        <a class=\"team-icon-main\" href=\"#\"><i class=\"fal fa-plus\"><\/i><\/a>\r\n                                    <div class=\"team-icon-bottom\">\r\n                                        \r\n                                        \r\n                                        \r\n                                                                                <a class=\"team-social-icon\" href=\"#\"><i\r\n                                                class=\"fab fa-facebook-f\"><\/i><\/a>\r\n                                        \r\n                                        \r\n                                                                                <a class=\"team-social-icon\" href=\"#\"><i\r\n                                                class=\"fab fa-instagram\"><\/i><\/a>\r\n                                        \r\n                                        \r\n                                        \r\n                                                                                <a class=\"team-social-icon\" href=\"#\"><i\r\n                                                class=\"fab fa-google-plus-g\"><\/i><\/a>\r\n                                        \r\n                                        \r\n                                        \r\n                                        \r\n                                        \r\n                                        \r\n                                                                            <\/div>\r\n                                                                    <\/div>\r\n                            <\/div>\r\n                        <\/div>\r\n                        <div class=\"tp-team-designation text-center pt-35\">\r\n                            <h3 class=\"client-name tp-el-name\"><a href=\"#\">Hasan Murat \u015eahin<\/a><\/h3>                                                        <a class=\"client-position tp-el-desigation\" href=\"#\">A S\u0131n\u0131f\u0131 \u0130\u015f G\u00fcvenli\u011fi Uzman\u0131<\/a>\r\n                                                    <\/div>\r\n                    <\/div>\r\n                                        <div class=\"tp-team-item\">\r\n                        <div class=\"tp-team-img p-relative\">\r\n                                                        <div class=\"fix\">\r\n                                <img decoding=\"async\" src=\"https:\/\/anadoluosgb.com.tr\/wp-content\/uploads\/2024\/05\/cuneyt-sahin-1-Photoroom.jpeg\"\r\n                                    alt=\"\">\r\n                            <\/div>\r\n                                                        <div class=\"tp-team-overlay\">\r\n                                <div class=\"team-overlay-icon\">\r\n                                                                        <a class=\"team-icon-main\" href=\"#\"><i class=\"fal fa-plus\"><\/i><\/a>\r\n                                    <div class=\"team-icon-bottom\">\r\n                                        \r\n                                        \r\n                                        \r\n                                                                                <a class=\"team-social-icon\" href=\"#\"><i\r\n                                                class=\"fab fa-facebook-f\"><\/i><\/a>\r\n                                        \r\n                                        \r\n                                                                                <a class=\"team-social-icon\" href=\"#\"><i\r\n                                                class=\"fab fa-instagram\"><\/i><\/a>\r\n                                        \r\n                                        \r\n                                        \r\n                                                                                <a class=\"team-social-icon\" href=\"#\"><i\r\n                                                class=\"fab fa-google-plus-g\"><\/i><\/a>\r\n                                        \r\n                                        \r\n                                        \r\n                                        \r\n                                        \r\n                                        \r\n                                                                            <\/div>\r\n                                                                    <\/div>\r\n                            <\/div>\r\n                        <\/div>\r\n                        <div class=\"tp-team-designation text-center pt-35\">\r\n                            <h3 class=\"client-name tp-el-name\"><a href=\"#\">C\u00fcneyt \u015eahin<\/a><\/h3>                                                        <a class=\"client-position tp-el-desigation\" href=\"#\">C S\u0131n\u0131f\u0131 \u0130\u015f G\u00fcvenli\u011fi Uzman\u0131<\/a>\r\n                                                    <\/div>\r\n                    <\/div>\r\n                                        <div class=\"tp-team-item\">\r\n                        <div class=\"tp-team-img p-relative\">\r\n                                                        <div class=\"fix\">\r\n                                <img decoding=\"async\" src=\"https:\/\/anadoluosgb.com.tr\/wp-content\/uploads\/2024\/05\/ercan-akkaya.jpeg\"\r\n                                    alt=\"\">\r\n                            <\/div>\r\n                                                        <div class=\"tp-team-overlay\">\r\n                                <div class=\"team-overlay-icon\">\r\n                                                                        <a class=\"team-icon-main\" href=\"#\"><i class=\"fal fa-plus\"><\/i><\/a>\r\n                                    <div class=\"team-icon-bottom\">\r\n                                        \r\n                                        \r\n                                        \r\n                                                                                <a class=\"team-social-icon\" href=\"#\"><i\r\n                                                class=\"fab fa-facebook-f\"><\/i><\/a>\r\n                                        \r\n                                        \r\n                                                                                <a class=\"team-social-icon\" href=\"#\"><i\r\n                                                class=\"fab fa-instagram\"><\/i><\/a>\r\n                                        \r\n                                        \r\n                                        \r\n                                                                                <a class=\"team-social-icon\" href=\"#\"><i\r\n                                                class=\"fab fa-google-plus-g\"><\/i><\/a>\r\n                                        \r\n                                        \r\n                                        \r\n                                        \r\n                                        \r\n                                        \r\n                                                                            <\/div>\r\n                                                                    <\/div>\r\n                            <\/div>\r\n                        <\/div>\r\n                        <div class=\"tp-team-designation text-center pt-35\">\r\n                            <h3 class=\"client-name tp-el-name\"><a href=\"#\">Ercan Akkaya<\/a><\/h3>                                                        <a class=\"client-position tp-el-desigation\" href=\"#\">B S\u0131n\u0131f\u0131 \u0130\u015f G\u00fcvenli\u011fi Uzman\u0131-OSGB Sorumlu M\u00fcd\u00fcr\u00fc<\/a>\r\n                                                    <\/div>\r\n                    <\/div>\r\n                                    <\/div>\r\n            <\/div>\r\n        <\/div>\r\n    <\/div>\r\n<\/div>\r\n\r\n\t\t<\/div>\n\t\t\t\t<\/div>\n\t\t\t\t\t<\/div>\n\t\t<\/div>\n\t\t\t\t\t<\/div>\n\t\t<\/section>\n\t\t\t\t<\/div>\n\t\t","protected":false},"excerpt":{"rendered":"<p>Anadolu OSGB Uzman Kadrosu Ekibimiz Deneyim ve uzmanl\u0131\u011f\u0131n birle\u015fti\u011fi noktada organizasyon yap\u0131lanmam\u0131z \u00c7al\u0131\u015fma ve Sosyal G\u00fcvenlik Bakanl\u0131\u011f\u0131\u2019ndan sertifikal\u0131 A, B, C S\u0131n\u0131f\u0131 \u0130\u015f G\u00fcvenli\u011fi Uzmanlar\u0131, \u0130\u015fyeri Hekimleri, Sa\u011fl\u0131k Personellerinden olu\u015fmaktad\u0131r. Sad\u0131k \u015eahin Y\u00f6netim Kurulu Ba\u015fkan\u0131 Hasan Murat \u015eahin A S\u0131n\u0131f\u0131 \u0130\u015f G\u00fcvenli\u011fi Uzman\u0131 C\u00fcneyt \u015eahin C S\u0131n\u0131f\u0131 \u0130\u015f G\u00fcvenli\u011fi Uzman\u0131 Ercan Akkaya B S\u0131n\u0131f\u0131 \u0130\u015f [&hellip;]<\/p>\n","protected":false},"author":1,"featured_media":0,"parent":0,"menu_order":0,"comment_status":"closed","ping_status":"closed","template":"elementor_header_footer","meta":{"_joinchat":[],"footnotes":""},"class_list":["post-1061","page","type-page","status-publish","hentry"],"acf":[],"_links":{"self":[{"href":"https:\/\/anadoluosgb.com.tr\/index.php\/wp-json\/wp\/v2\/pages\/1061","targetHints":{"allow":["GET"]}}],"collection":[{"href":"https:\/\/anadoluosgb.com.tr\/index.php\/wp-json\/wp\/v2\/pages"}],"about":[{"href":"https:\/\/anadoluosgb.com.tr\/index.php\/wp-json\/wp\/v2\/types\/page"}],"author":[{"embeddable":true,"href":"https:\/\/anadoluosgb.com.tr\/index.php\/wp-json\/wp\/v2\/users\/1"}],"replies":[{"embeddable":true,"href":"https:\/\/anadoluosgb.com.tr\/index.php\/wp-json\/wp\/v2\/comments?post=1061"}],"version-history":[{"count":8,"href":"https:\/\/anadoluosgb.com.tr\/index.php\/wp-json\/wp\/v2\/pages\/1061\/revisions"}],"predecessor-version":[{"id":1695,"href":"https:\/\/anadoluosgb.com.tr\/index.php\/wp-json\/wp\/v2\/pages\/1061\/revisions\/1695"}],"wp:attachment":[{"href":"https:\/\/anadoluosgb.com.tr\/index.php\/wp-json\/wp\/v2\/media?parent=1061"}],"curies":[{"name":"wp","href":"https:\/\/api.w.org\/{rel}","templated":true}]}}